  {"id":3721,"date":"2024-04-16T13:59:44","date_gmt":"2024-04-16T17:59:44","guid":{"rendered":"https:\/\/www.ramapo.edu\/holocaust\/?page_id=3721"},"modified":"2024-04-16T14:03:04","modified_gmt":"2024-04-16T18:03:04","slug":"kwibuka-30-panel-11","status":"publish","type":"page","link":"https:\/\/www.ramapo.edu\/holocaust\/kwibuka-30-panel-11\/","title":{"rendered":"Kwibuka 30, Panel 11"},"content":{"rendered":"<div id=\"attachment_3652\" style=\"width: 190px\" class=\"wp-caption aligncenter\"><a href=\"https:\/\/www.ramapo.edu\/holocaust\/wp-content\/uploads\/sites\/31\/2024\/04\/HIST329FA23RE-9.jpg\"><img loading=\"lazy\" decoding=\"async\" aria-describedby=\"caption-attachment-3652\" class=\"wp-image-3652 size-full\" src=\"https:\/\/www.ramapo.edu\/holocaust\/wp-content\/uploads\/sites\/31\/2024\/04\/HIST329FA23RE-9.jpg\" alt=\"\" width=\"180\" height=\"250\" \/><\/a><p id=\"caption-attachment-3652\" class=\"wp-caption-text\">Rom\u00e9o Dallaire<\/p><\/div>\n<p style=\"text-align: center\"><em>Rom\u00e9o Dallaire while leading the United Nations peacekeeping efforts in Rwanda 1994.<\/em><\/p>\n<p>&nbsp;<\/p>\n<h4 style=\"text-align: center\">Rom\u00e9o Dallaire<\/h4>\n<p>Rom\u00e9o Dallaire was the leader of the United Nation (UN) peacekeeping mission in Rwanda, launched in 1993 and known as the United Nations Assistance Mission for Rwanda (UNAMIR). Dallaire, a Dutch-born French-Canadian, spent most of his career in the Canadian military until achieving the rank of Lieutenant-General. He commanded several national and international missions. Founded in 1993, UNAMIR was assigned the demanding task to observe and support Rwanda through the implementation of the Arusha Accords, a peace agreement following a brutal civil war. Despite Dallaire\u2019s efforts, tensions worsened and reached a breaking point following the death of Rwandan president Juv\u00e9nal Habyarimana in a mysterious plane crash. Extremist elements of Rwanda\u2019s state military, the Hutu-majority Rwandan Armed Forces (FAR), blamed the Tutsi-backed RPF for the death of the President, which it used to justify the systemic murder Tutsi civilians. Dallaire and his underequipped forces moved to safeguard Hutu moderate politicians who had kept peace negotiations on the table. However, the underequipped UNAMIR forces whose mission only allowed for the use of force in self-defense, failed to protect key figures, including a moderate politician who would likely have become the next president. Dallaire emphatically lobbied the international community for assistance, insisting that civilian lives were in danger and that a force of just five thousand well-armed UNAMIR troops could stop the genocide. UNAMIR received no such reinforcement. In his book, Dallaire painstakingly details the efforts to save as many civilians as possible, which involved negotiating directly with the g\u00e9nocidaires, inspiring the name of the book, \u201cShake Hands with the Devil.\u201d Dallaire\u2019s story reveals why the UN had to reconsider its protocols for genocide intervention after 1994: to honor its commitment to preserving human life.<\/p>\n<p><strong>Quick Links<\/strong><\/p>\n<p><a href=\"https:\/\/www.romeodallaire.com\/\">Romeo Dallaire Official Website<\/a><\/p>\n<p><a href=\"https:\/\/en.gariwo.net\/righteous\/rwandan-genocide\/romeo-dallaire-7684.html\">Romeo Dallaire: The general who tried in vain to warn the UN about the upcoming genocide in Rwanda<\/a><\/p>\n<p><strong>Bibliography<\/strong><\/p>\n<p>Bellamy, Alex, and Tim Dunne. \u201cR2P in Theory and Practice.\u201d In <em>The Oxford Handbook of the Responsibility to Protect<\/em>, edited by Alex Bellamy and Tim Dunne, 1-19. New York: Oxford University Press, 2016.<\/p>\n<p>Dallaire, Rom\u00e9o. <em>Shake Hands with the Devil<\/em>. New York: Carroll and Graf Publishers, 2005.<\/p>\n<p>G\u00fcng\u00f6r, U\u011fur. \u201cPeace Operations During the Cold War.\u201d <em>United Nations Peace Operations and the Motivations That Lie at the Root of Turkey\u2019s Involvement<\/em>. Center for Strategic Research (SAM), 2015.<\/p>\n<p>Kuperman, Alan J. \u201cRwanda in Retrospect.\u201d <em>Foreign Affairs <\/em>79, no. 1 (2000): 94\u2013118.<\/p>\n<p>Sarty, Roger. \u201cThe Failure of Humanity in Rwanda.\u201d <em>International Journal <\/em>59, no. 2 (2004): 445\u201349.<\/p>\n<p>United Nations. \u201c<a href=\"https:\/\/www.un.org\/ar\/preventgenocide\/adviser\/pdf\/osapg_booklet_eng.pdf\">Office of the Special Adviser on the Prevention of Genocide<\/a>.\u201d New York: 2010.<\/p>\n<p>United Nations. \u201c<a href=\"https:\/\/peacekeeping.un.org\/en\/mission\/past\/unamirS.htm\">UNAMIR<\/a>.\u201d New York. Accessed November 25, 2023.<strong>\u00a0<\/strong><\/p>\n<p>United Nations Security Council <a href=\"https:\/\/documents-dds-ny.un.org\/doc\/UNDOC\/GEN\/N93\/540\/63\/PDF\/N9354063.pdf?Op%20enElement\">Res 872<\/a>. October 1993.<\/p>\n<p><strong>Photo Source<\/strong><\/p>\n<p>Enzolamine. \u201c<a href=\"https:\/\/commons.wikimedia.org\/wiki\/Category:Rom%C3%A9o_Dallaire#\/media\/File:Rom%C3%A9o_DALLAIRE.G%C3%A9n%C3%A9ral_MINUAR.jpg\">Rom\u00e9o Dallaire<\/a>.\u201d WikiCommons.<\/p>\n<p>&nbsp;<\/p>\n","protected":false},"excerpt":{"rendered":"<p>Rom\u00e9o Dallaire while leading the United Nations peacekeeping efforts in Rwanda 1994. &nbsp; Rom\u00e9o Dallaire Rom\u00e9o Dallaire was the leader of the United Nation (UN) peacekeeping mission in Rwanda, launched [&hellip;]<\/p>\n","protected":false},"author":938,"featured_media":0,"parent":0,"menu_order":0,"comment_status":"closed","ping_status":"closed","template":"","meta":{"footnotes":""},"class_list":["post-3721","page","type-page","status-publish","hentry"],"yoast_head":"<!-- This site is optimized with the Yoast SEO Premium plugin v21.5 (Yoast SEO v27.1.1) - https:\/\/yoast.com\/product\/yoast-seo-premium-wordpress\/ -->\n<title>Kwibuka 30, Panel 11 - Center for Holocaust and Genocide Studies (CHGS) || Ramapo College of New Jersey<\/title>\n<meta name=\"robots\" content=\"index, follow, max-snippet:-1, max-image-preview:large, max-video-preview:-1\" \/>\n<link rel=\"canonical\" href=\"https:\/\/www.ramapo.edu\/holocaust\/kwibuka-30-panel-11\/\" \/>\n<meta property=\"og:locale\" content=\"en_US\" \/>\n<meta property=\"og:type\" content=\"article\" \/>\n<meta property=\"og:title\" content=\"Kwibuka 30, Panel 11\" \/>\n<meta property=\"og:description\" content=\"Rom\u00e9o Dallaire while leading the United Nations peacekeeping efforts in Rwanda 1994. &nbsp; Rom\u00e9o Dallaire Rom\u00e9o Dallaire was the leader of the United Nation (UN) peacekeeping mission in Rwanda, launched [&hellip;]\" \/>\n<meta property=\"og:url\" content=\"https:\/\/www.ramapo.edu\/holocaust\/kwibuka-30-panel-11\/\" \/>\n<meta property=\"og:site_name\" content=\"Center for Holocaust and Genocide Studies (CHGS)\" \/>\n<meta property=\"article:publisher\" content=\"https:\/\/www.facebook.com\/RamapoCollege\" \/>\n<meta property=\"article:modified_time\" content=\"2024-04-16T18:03:04+00:00\" \/>\n<meta property=\"og:image\" content=\"https:\/\/www.ramapo.edu\/holocaust\/wp-content\/uploads\/sites\/31\/2024\/04\/HIST329FA23RE-9.jpg\" \/>\n<meta name=\"twitter:card\" content=\"summary_large_image\" \/>\n<meta name=\"twitter:site\" content=\"@ramapocollegenj\" \/>\n<meta name=\"twitter:label1\" content=\"Est. reading time\" \/>\n\t<meta name=\"twitter:data1\" content=\"3 minutes\" \/>\n<script type=\"application\/ld+json\" class=\"yoast-schema-graph\">{\"@context\":\"https:\/\/schema.org\",\"@graph\":[{\"@type\":\"WebPage\",\"@id\":\"https:\/\/www.ramapo.edu\/holocaust\/kwibuka-30-panel-11\/\",\"url\":\"https:\/\/www.ramapo.edu\/holocaust\/kwibuka-30-panel-11\/\",\"name\":\"Kwibuka 30, Panel 11 - Center for Holocaust and Genocide Studies (CHGS) || Ramapo College of New Jersey\",\"isPartOf\":{\"@id\":\"https:\/\/www.ramapo.edu\/holocaust\/#website\"},\"primaryImageOfPage\":{\"@id\":\"https:\/\/www.ramapo.edu\/holocaust\/kwibuka-30-panel-11\/#primaryimage\"},\"image\":{\"@id\":\"https:\/\/www.ramapo.edu\/holocaust\/kwibuka-30-panel-11\/#primaryimage\"},\"thumbnailUrl\":\"https:\/\/www.ramapo.edu\/holocaust\/wp-content\/uploads\/sites\/31\/2024\/04\/HIST329FA23RE-9.jpg\",\"datePublished\":\"2024-04-16T17:59:44+00:00\",\"dateModified\":\"2024-04-16T18:03:04+00:00\",\"breadcrumb\":{\"@id\":\"https:\/\/www.ramapo.edu\/holocaust\/kwibuka-30-panel-11\/#breadcrumb\"},\"inLanguage\":\"en-US\",\"potentialAction\":[{\"@type\":\"ReadAction\",\"target\":[\"https:\/\/www.ramapo.edu\/holocaust\/kwibuka-30-panel-11\/\"]}]},{\"@type\":\"ImageObject\",\"inLanguage\":\"en-US\",\"@id\":\"https:\/\/www.ramapo.edu\/holocaust\/kwibuka-30-panel-11\/#primaryimage\",\"url\":\"https:\/\/www.ramapo.edu\/holocaust\/wp-content\/uploads\/sites\/31\/2024\/04\/HIST329FA23RE-9.jpg\",\"contentUrl\":\"https:\/\/www.ramapo.edu\/holocaust\/wp-content\/uploads\/sites\/31\/2024\/04\/HIST329FA23RE-9.jpg\",\"width\":180,\"height\":250,\"caption\":\"Rom\u00e9o Dallaire\"},{\"@type\":\"BreadcrumbList\",\"@id\":\"https:\/\/www.ramapo.edu\/holocaust\/kwibuka-30-panel-11\/#breadcrumb\",\"itemListElement\":[{\"@type\":\"ListItem\",\"position\":1,\"name\":\"Ramapo College of New Jersey Home Page \u00bb HGS \u00bb Center for Holocaust and Genocide Studies (CHGS)\",\"item\":\"https:\/\/www.ramapo.edu\/holocaust\/\"},{\"@type\":\"ListItem\",\"position\":2,\"name\":\"Kwibuka 30, Panel 11\"}]},{\"@type\":\"WebSite\",\"@id\":\"https:\/\/www.ramapo.edu\/holocaust\/#website\",\"url\":\"https:\/\/www.ramapo.edu\/holocaust\/\",\"name\":\"Center for Holocaust and Genocide Studies (CHGS)\",\"description\":\"Just another Ramapo College of New Jersey Sites site\",\"potentialAction\":[{\"@type\":\"SearchAction\",\"target\":{\"@type\":\"EntryPoint\",\"urlTemplate\":\"https:\/\/www.ramapo.edu\/holocaust\/?s={search_term_string}\"},\"query-input\":{\"@type\":\"PropertyValueSpecification\",\"valueRequired\":true,\"valueName\":\"search_term_string\"}}],\"inLanguage\":\"en-US\"}]}<\/script>\n<!-- \/ Yoast SEO Premium plugin. -->","yoast_head_json":{"title":"Kwibuka 30, Panel 11 - Center for Holocaust and Genocide Studies (CHGS) || Ramapo College of New Jersey","robots":{"index":"index","follow":"follow","max-snippet":"max-snippet:-1","max-image-preview":"max-image-preview:large","max-video-preview":"max-video-preview:-1"},"canonical":"https:\/\/www.ramapo.edu\/holocaust\/kwibuka-30-panel-11\/","og_locale":"en_US","og_type":"article","og_title":"Kwibuka 30, Panel 11","og_description":"Rom\u00e9o Dallaire while leading the United Nations peacekeeping efforts in Rwanda 1994. &nbsp; Rom\u00e9o Dallaire Rom\u00e9o Dallaire was the leader of the United Nation (UN) peacekeeping mission in Rwanda, launched [&hellip;]","og_url":"https:\/\/www.ramapo.edu\/holocaust\/kwibuka-30-panel-11\/","og_site_name":"Center for Holocaust and Genocide Studies (CHGS)","article_publisher":"https:\/\/www.facebook.com\/RamapoCollege","article_modified_time":"2024-04-16T18:03:04+00:00","og_image":[{"url":"https:\/\/www.ramapo.edu\/holocaust\/wp-content\/uploads\/sites\/31\/2024\/04\/HIST329FA23RE-9.jpg","type":"","width":"","height":""}],"twitter_card":"summary_large_image","twitter_site":"@ramapocollegenj","twitter_misc":{"Est. reading time":"3 minutes"},"schema":{"@context":"https:\/\/schema.org","@graph":[{"@type":"WebPage","@id":"https:\/\/www.ramapo.edu\/holocaust\/kwibuka-30-panel-11\/","url":"https:\/\/www.ramapo.edu\/holocaust\/kwibuka-30-panel-11\/","name":"Kwibuka 30, Panel 11 - Center for Holocaust and Genocide Studies (CHGS) || Ramapo College of New Jersey","isPartOf":{"@id":"https:\/\/www.ramapo.edu\/holocaust\/#website"},"primaryImageOfPage":{"@id":"https:\/\/www.ramapo.edu\/holocaust\/kwibuka-30-panel-11\/#primaryimage"},"image":{"@id":"https:\/\/www.ramapo.edu\/holocaust\/kwibuka-30-panel-11\/#primaryimage"},"thumbnailUrl":"https:\/\/www.ramapo.edu\/holocaust\/wp-content\/uploads\/sites\/31\/2024\/04\/HIST329FA23RE-9.jpg","datePublished":"2024-04-16T17:59:44+00:00","dateModified":"2024-04-16T18:03:04+00:00","breadcrumb":{"@id":"https:\/\/www.ramapo.edu\/holocaust\/kwibuka-30-panel-11\/#breadcrumb"},"inLanguage":"en-US","potentialAction":[{"@type":"ReadAction","target":["https:\/\/www.ramapo.edu\/holocaust\/kwibuka-30-panel-11\/"]}]},{"@type":"ImageObject","inLanguage":"en-US","@id":"https:\/\/www.ramapo.edu\/holocaust\/kwibuka-30-panel-11\/#primaryimage","url":"https:\/\/www.ramapo.edu\/holocaust\/wp-content\/uploads\/sites\/31\/2024\/04\/HIST329FA23RE-9.jpg","contentUrl":"https:\/\/www.ramapo.edu\/holocaust\/wp-content\/uploads\/sites\/31\/2024\/04\/HIST329FA23RE-9.jpg","width":180,"height":250,"caption":"Rom\u00e9o Dallaire"},{"@type":"BreadcrumbList","@id":"https:\/\/www.ramapo.edu\/holocaust\/kwibuka-30-panel-11\/#breadcrumb","itemListElement":[{"@type":"ListItem","position":1,"name":"Ramapo College of New Jersey Home Page \u00bb HGS \u00bb Center for Holocaust and Genocide Studies (CHGS)","item":"https:\/\/www.ramapo.edu\/holocaust\/"},{"@type":"ListItem","position":2,"name":"Kwibuka 30, Panel 11"}]},{"@type":"WebSite","@id":"https:\/\/www.ramapo.edu\/holocaust\/#website","url":"https:\/\/www.ramapo.edu\/holocaust\/","name":"Center for Holocaust and Genocide Studies (CHGS)","description":"Just another Ramapo College of New Jersey Sites site","potentialAction":[{"@type":"SearchAction","target":{"@type":"EntryPoint","urlTemplate":"https:\/\/www.ramapo.edu\/holocaust\/?s={search_term_string}"},"query-input":{"@type":"PropertyValueSpecification","valueRequired":true,"valueName":"search_term_string"}}],"inLanguage":"en-US"}]}},"_links":{"self":[{"href":"https:\/\/www.ramapo.edu\/holocaust\/wp-json\/wp\/v2\/pages\/3721","targetHints":{"allow":["GET"]}}],"collection":[{"href":"https:\/\/www.ramapo.edu\/holocaust\/wp-json\/wp\/v2\/pages"}],"about":[{"href":"https:\/\/www.ramapo.edu\/holocaust\/wp-json\/wp\/v2\/types\/page"}],"author":[{"embeddable":true,"href":"https:\/\/www.ramapo.edu\/holocaust\/wp-json\/wp\/v2\/users\/938"}],"replies":[{"embeddable":true,"href":"https:\/\/www.ramapo.edu\/holocaust\/wp-json\/wp\/v2\/comments?post=3721"}],"version-history":[{"count":3,"href":"https:\/\/www.ramapo.edu\/holocaust\/wp-json\/wp\/v2\/pages\/3721\/revisions"}],"predecessor-version":[{"id":3724,"href":"https:\/\/www.ramapo.edu\/holocaust\/wp-json\/wp\/v2\/pages\/3721\/revisions\/3724"}],"wp:attachment":[{"href":"https:\/\/www.ramapo.edu\/holocaust\/wp-json\/wp\/v2\/media?parent=3721"}],"curies":[{"name":"wp","href":"https:\/\/api.w.org\/{rel}","templated":true}]}}