  {"id":4756,"date":"2020-10-27T11:02:52","date_gmt":"2020-10-27T15:02:52","guid":{"rendered":"https:\/\/www.ramapo.edu\/berriecenter\/?page_id=4756"},"modified":"2020-10-27T11:02:52","modified_gmt":"2020-10-27T15:02:52","slug":"liz-magic-laser-biography","status":"publish","type":"page","link":"https:\/\/www.ramapo.edu\/berriecenter\/liz-magic-laser-biography\/","title":{"rendered":"Liz Magic Laser Biography"},"content":{"rendered":"<h4><strong>Biography: <\/strong><\/h4>\n<p>Laser earned a BA from Wesleyan University (2003) and an MFA from Columbia University (2008). Her work has been shown at venues such as Kunsthalle Baden-Baden (2019); Centre Pompidou, Paris (2018); Frye Art Museum, Seattle (2018); Metro Pictures, New York (2018) Malm\u00f6 Konsthall, Sweden (2017); the Swiss Institute (2016); the Whitney Museum of American Art (2015); Lisson Gallery, London (2013); the Performa 11 Biennial, New York (2011); and MoMA PS1, New York (2010). She has had solo exhibitions at CAC Br\u00e9tigny, France (2017); Jupiter Artland Foundation, Scotland (2017); Kunstverein G\u00f6ttingen, Germany (2016); Mercer Union, Toronto (2015); Wilfried Lentz, Rotterdam, the Netherlands (2015); Various Small Fires, Los Angeles (2015); Paula Cooper Gallery, New York (2013) the Westf\u00e4lischer Kunstverein, M\u00fcnster, Germany (2013); and M\u00e4lmo Konsthall, M\u00e4lmo, Sweden (2012) among other places. Sternberg Press published her monograph, <em>Public Relations \/ \u00d6ffentlichkeitsarbeit<\/em> in conjunction with a solo exhibition at the Westf\u00e4lischer Kunstverein, Germany (2014). Laser is the recipient of grants from Alfried Krupp von Bohlen und Halbach Foundation, the Southern Exposure Off-Site Graue Award, New York Foundation for the Arts Fellowship and the Franklin Furnace Fund for Performance Art.<\/p>\n<p><a href=\"https:\/\/www.ramapo.edu\/berriecenter\/wp-content\/uploads\/sites\/152\/2020\/10\/laser.png\"><img loading=\"lazy\" decoding=\"async\" class=\"size-medium wp-image-4749 aligncenter\" src=\"https:\/\/www.ramapo.edu\/berriecenter\/wp-content\/uploads\/sites\/152\/2020\/10\/laser-300x201.png\" alt=\"\" width=\"300\" height=\"201\" srcset=\"https:\/\/www.ramapo.edu\/berriecenter\/wp-content\/uploads\/sites\/152\/2020\/10\/laser-300x201.png 300w, https:\/\/www.ramapo.edu\/berriecenter\/wp-content\/uploads\/sites\/152\/2020\/10\/laser-1024x685.png 1024w, https:\/\/www.ramapo.edu\/berriecenter\/wp-content\/uploads\/sites\/152\/2020\/10\/laser-768x514.png 768w, https:\/\/www.ramapo.edu\/berriecenter\/wp-content\/uploads\/sites\/152\/2020\/10\/laser-1536x1027.png 1536w, https:\/\/www.ramapo.edu\/berriecenter\/wp-content\/uploads\/sites\/152\/2020\/10\/laser.png 1600w\" sizes=\"auto, (max-width: 300px) 100vw, 300px\" \/><\/a><\/p>\n<p><strong><em>In Real Life <\/em><\/strong><strong>, Liz Magic Laser, 2019, 5-channel HD video with sound (112 minutes, looped); custom seating (dimensions variable). Commissioned by FACT, Liverpool, UK.\u00a0 Photo by Rob Battersby.<\/strong><\/p>\n<p>&nbsp;<\/p>\n","protected":false},"excerpt":{"rendered":"<p>Biography: Laser earned a BA from Wesleyan University (2003) and an MFA from Columbia University (2008). Her work has been shown at venues such as Kunsthalle Baden-Baden (2019); Centre Pompidou, [&hellip;]<\/p>\n","protected":false},"author":810,"featured_media":0,"parent":0,"menu_order":0,"comment_status":"closed","ping_status":"closed","template":"","meta":{"footnotes":""},"class_list":["post-4756","page","type-page","status-publish","hentry"],"yoast_head":"<!-- This site is optimized with the Yoast SEO Premium plugin v21.5 (Yoast SEO v27.1.1) - https:\/\/yoast.com\/product\/yoast-seo-premium-wordpress\/ -->\n<title>Liz Magic Laser Biography - Berrie Center for Performing and Visual Arts || Ramapo College of New Jersey<\/title>\n<meta name=\"robots\" content=\"index, follow, max-snippet:-1, max-image-preview:large, max-video-preview:-1\" \/>\n<link rel=\"canonical\" href=\"https:\/\/www.ramapo.edu\/berriecenter\/liz-magic-laser-biography\/\" \/>\n<meta property=\"og:locale\" content=\"en_US\" \/>\n<meta property=\"og:type\" content=\"article\" \/>\n<meta property=\"og:title\" content=\"Liz Magic Laser Biography\" \/>\n<meta property=\"og:description\" content=\"Biography: Laser earned a BA from Wesleyan University (2003) and an MFA from Columbia University (2008). Her work has been shown at venues such as Kunsthalle Baden-Baden (2019); Centre Pompidou, [&hellip;]\" \/>\n<meta property=\"og:url\" content=\"https:\/\/www.ramapo.edu\/berriecenter\/liz-magic-laser-biography\/\" \/>\n<meta property=\"og:site_name\" content=\"Berrie Center for Performing and Visual Arts\" \/>\n<meta property=\"article:publisher\" content=\"https:\/\/www.facebook.com\/RamapoCollege\" \/>\n<meta property=\"og:image\" content=\"https:\/\/www.ramapo.edu\/berriecenter\/wp-content\/uploads\/sites\/152\/2020\/10\/laser-300x201.png\" \/>\n<meta name=\"twitter:card\" content=\"summary_large_image\" \/>\n<meta name=\"twitter:site\" content=\"@ramapocollegenj\" \/>\n<meta name=\"twitter:label1\" content=\"Est. reading time\" \/>\n\t<meta name=\"twitter:data1\" content=\"1 minute\" \/>\n<script type=\"application\/ld+json\" class=\"yoast-schema-graph\">{\"@context\":\"https:\/\/schema.org\",\"@graph\":[{\"@type\":\"WebPage\",\"@id\":\"https:\/\/www.ramapo.edu\/berriecenter\/liz-magic-laser-biography\/\",\"url\":\"https:\/\/www.ramapo.edu\/berriecenter\/liz-magic-laser-biography\/\",\"name\":\"Liz Magic Laser Biography - Berrie Center for Performing and Visual Arts || Ramapo College of New Jersey\",\"isPartOf\":{\"@id\":\"https:\/\/www.ramapo.edu\/berriecenter\/#website\"},\"primaryImageOfPage\":{\"@id\":\"https:\/\/www.ramapo.edu\/berriecenter\/liz-magic-laser-biography\/#primaryimage\"},\"image\":{\"@id\":\"https:\/\/www.ramapo.edu\/berriecenter\/liz-magic-laser-biography\/#primaryimage\"},\"thumbnailUrl\":\"https:\/\/www.ramapo.edu\/berriecenter\/wp-content\/uploads\/sites\/152\/2020\/10\/laser-300x201.png\",\"datePublished\":\"2020-10-27T15:02:52+00:00\",\"breadcrumb\":{\"@id\":\"https:\/\/www.ramapo.edu\/berriecenter\/liz-magic-laser-biography\/#breadcrumb\"},\"inLanguage\":\"en-US\",\"potentialAction\":[{\"@type\":\"ReadAction\",\"target\":[\"https:\/\/www.ramapo.edu\/berriecenter\/liz-magic-laser-biography\/\"]}]},{\"@type\":\"ImageObject\",\"inLanguage\":\"en-US\",\"@id\":\"https:\/\/www.ramapo.edu\/berriecenter\/liz-magic-laser-biography\/#primaryimage\",\"url\":\"https:\/\/www.ramapo.edu\/berriecenter\/wp-content\/uploads\/sites\/152\/2020\/10\/laser.png\",\"contentUrl\":\"https:\/\/www.ramapo.edu\/berriecenter\/wp-content\/uploads\/sites\/152\/2020\/10\/laser.png\",\"width\":1600,\"height\":1070,\"caption\":\"A dark room with three large projected screens showing individual people in video calls, facing circular white seating with colorful charts on top, set on a tiled floor.\"},{\"@type\":\"BreadcrumbList\",\"@id\":\"https:\/\/www.ramapo.edu\/berriecenter\/liz-magic-laser-biography\/#breadcrumb\",\"itemListElement\":[{\"@type\":\"ListItem\",\"position\":1,\"name\":\"Ramapo College of New Jersey Home Page \u00bb Centers \/ Institutes \u00bb Berrie Center for Performing and Visual Arts\",\"item\":\"https:\/\/www.ramapo.edu\/berriecenter\/\"},{\"@type\":\"ListItem\",\"position\":2,\"name\":\"Liz Magic Laser Biography\"}]},{\"@type\":\"WebSite\",\"@id\":\"https:\/\/www.ramapo.edu\/berriecenter\/#website\",\"url\":\"https:\/\/www.ramapo.edu\/berriecenter\/\",\"name\":\"Berrie Center for Performing and Visual Arts\",\"description\":\"Just another Ramapo College of New Jersey Sites site\",\"potentialAction\":[{\"@type\":\"SearchAction\",\"target\":{\"@type\":\"EntryPoint\",\"urlTemplate\":\"https:\/\/www.ramapo.edu\/berriecenter\/?s={search_term_string}\"},\"query-input\":{\"@type\":\"PropertyValueSpecification\",\"valueRequired\":true,\"valueName\":\"search_term_string\"}}],\"inLanguage\":\"en-US\"}]}<\/script>\n<!-- \/ Yoast SEO Premium plugin. -->","yoast_head_json":{"title":"Liz Magic Laser Biography - Berrie Center for Performing and Visual Arts || Ramapo College of New Jersey","robots":{"index":"index","follow":"follow","max-snippet":"max-snippet:-1","max-image-preview":"max-image-preview:large","max-video-preview":"max-video-preview:-1"},"canonical":"https:\/\/www.ramapo.edu\/berriecenter\/liz-magic-laser-biography\/","og_locale":"en_US","og_type":"article","og_title":"Liz Magic Laser Biography","og_description":"Biography: Laser earned a BA from Wesleyan University (2003) and an MFA from Columbia University (2008). Her work has been shown at venues such as Kunsthalle Baden-Baden (2019); Centre Pompidou, [&hellip;]","og_url":"https:\/\/www.ramapo.edu\/berriecenter\/liz-magic-laser-biography\/","og_site_name":"Berrie Center for Performing and Visual Arts","article_publisher":"https:\/\/www.facebook.com\/RamapoCollege","og_image":[{"url":"https:\/\/www.ramapo.edu\/berriecenter\/wp-content\/uploads\/sites\/152\/2020\/10\/laser-300x201.png","type":"","width":"","height":""}],"twitter_card":"summary_large_image","twitter_site":"@ramapocollegenj","twitter_misc":{"Est. reading time":"1 minute"},"schema":{"@context":"https:\/\/schema.org","@graph":[{"@type":"WebPage","@id":"https:\/\/www.ramapo.edu\/berriecenter\/liz-magic-laser-biography\/","url":"https:\/\/www.ramapo.edu\/berriecenter\/liz-magic-laser-biography\/","name":"Liz Magic Laser Biography - Berrie Center for Performing and Visual Arts || Ramapo College of New Jersey","isPartOf":{"@id":"https:\/\/www.ramapo.edu\/berriecenter\/#website"},"primaryImageOfPage":{"@id":"https:\/\/www.ramapo.edu\/berriecenter\/liz-magic-laser-biography\/#primaryimage"},"image":{"@id":"https:\/\/www.ramapo.edu\/berriecenter\/liz-magic-laser-biography\/#primaryimage"},"thumbnailUrl":"https:\/\/www.ramapo.edu\/berriecenter\/wp-content\/uploads\/sites\/152\/2020\/10\/laser-300x201.png","datePublished":"2020-10-27T15:02:52+00:00","breadcrumb":{"@id":"https:\/\/www.ramapo.edu\/berriecenter\/liz-magic-laser-biography\/#breadcrumb"},"inLanguage":"en-US","potentialAction":[{"@type":"ReadAction","target":["https:\/\/www.ramapo.edu\/berriecenter\/liz-magic-laser-biography\/"]}]},{"@type":"ImageObject","inLanguage":"en-US","@id":"https:\/\/www.ramapo.edu\/berriecenter\/liz-magic-laser-biography\/#primaryimage","url":"https:\/\/www.ramapo.edu\/berriecenter\/wp-content\/uploads\/sites\/152\/2020\/10\/laser.png","contentUrl":"https:\/\/www.ramapo.edu\/berriecenter\/wp-content\/uploads\/sites\/152\/2020\/10\/laser.png","width":1600,"height":1070,"caption":"A dark room with three large projected screens showing individual people in video calls, facing circular white seating with colorful charts on top, set on a tiled floor."},{"@type":"BreadcrumbList","@id":"https:\/\/www.ramapo.edu\/berriecenter\/liz-magic-laser-biography\/#breadcrumb","itemListElement":[{"@type":"ListItem","position":1,"name":"Ramapo College of New Jersey Home Page \u00bb Centers \/ Institutes \u00bb Berrie Center for Performing and Visual Arts","item":"https:\/\/www.ramapo.edu\/berriecenter\/"},{"@type":"ListItem","position":2,"name":"Liz Magic Laser Biography"}]},{"@type":"WebSite","@id":"https:\/\/www.ramapo.edu\/berriecenter\/#website","url":"https:\/\/www.ramapo.edu\/berriecenter\/","name":"Berrie Center for Performing and Visual Arts","description":"Just another Ramapo College of New Jersey Sites site","potentialAction":[{"@type":"SearchAction","target":{"@type":"EntryPoint","urlTemplate":"https:\/\/www.ramapo.edu\/berriecenter\/?s={search_term_string}"},"query-input":{"@type":"PropertyValueSpecification","valueRequired":true,"valueName":"search_term_string"}}],"inLanguage":"en-US"}]}},"_links":{"self":[{"href":"https:\/\/www.ramapo.edu\/berriecenter\/wp-json\/wp\/v2\/pages\/4756","targetHints":{"allow":["GET"]}}],"collection":[{"href":"https:\/\/www.ramapo.edu\/berriecenter\/wp-json\/wp\/v2\/pages"}],"about":[{"href":"https:\/\/www.ramapo.edu\/berriecenter\/wp-json\/wp\/v2\/types\/page"}],"author":[{"embeddable":true,"href":"https:\/\/www.ramapo.edu\/berriecenter\/wp-json\/wp\/v2\/users\/810"}],"replies":[{"embeddable":true,"href":"https:\/\/www.ramapo.edu\/berriecenter\/wp-json\/wp\/v2\/comments?post=4756"}],"version-history":[{"count":1,"href":"https:\/\/www.ramapo.edu\/berriecenter\/wp-json\/wp\/v2\/pages\/4756\/revisions"}],"predecessor-version":[{"id":4757,"href":"https:\/\/www.ramapo.edu\/berriecenter\/wp-json\/wp\/v2\/pages\/4756\/revisions\/4757"}],"wp:attachment":[{"href":"https:\/\/www.ramapo.edu\/berriecenter\/wp-json\/wp\/v2\/media?parent=4756"}],"curies":[{"name":"wp","href":"https:\/\/api.w.org\/{rel}","templated":true}]}}